{"id":217,"date":"2021-10-27T10:01:16","date_gmt":"2021-10-27T15:01:16","guid":{"rendered":"https:\/\/monopolioinmobiliario.co\/blog\/?page_id=217"},"modified":"2026-04-08T11:18:18","modified_gmt":"2026-04-08T16:18:18","slug":"nosotros","status":"publish","type":"page","link":"https:\/\/grupoempresarialmi.com\/blog\/nosotros\/","title":{"rendered":"Servicios de arriendo y venta de inmuebles"},"content":{"rendered":"\t\t<div data-elementor-type=\"wp-page\" data-elementor-id=\"217\" class=\"elementor elementor-217\" data-elementor-post-type=\"page\">\n\t\t\t\t\t\t<section class=\"elementor-section elementor-top-section elementor-element elementor-element-f4dfdc2 elementor-section-boxed elementor-section-height-default elementor-section-height-default\" data-id=\"f4dfdc2\" data-element_type=\"section\" data-e-type=\"section\" data-settings=\"{&quot;jet_parallax_layout_list&quot;:[{&quot;jet_parallax_layout_image&quot;:{&quot;url&quot;:&quot;&quot;,&quot;id&quot;:&quot;&quot;,&quot;size&quot;:&quot;&quot;},&quot;_id&quot;:&quot;3a08fd9&quot;,&quot;jet_parallax_layout_image_widescreen&quot;:{&quot;url&quot;:&quot;&quot;,&quot;id&quot;:&quot;&quot;,&quot;size&quot;:&quot;&quot;},&quot;jet_parallax_layout_image_tablet&quot;:{&quot;url&quot;:&quot;&quot;,&quot;id&quot;:&quot;&quot;,&quot;size&quot;:&quot;&quot;},&quot;jet_parallax_layout_image_mobile&quot;:{&quot;url&quot;:&quot;&quot;,&quot;id&quot;:&quot;&quot;,&quot;size&quot;:&quot;&quot;},&quot;jet_parallax_layout_speed&quot;:{&quot;unit&quot;:&quot;%&quot;,&quot;size&quot;:50,&quot;sizes&quot;:[]},&quot;jet_parallax_layout_type&quot;:&quot;scroll&quot;,&quot;jet_parallax_layout_direction&quot;:&quot;1&quot;,&quot;jet_parallax_layout_fx_direction&quot;:null,&quot;jet_parallax_layout_z_index&quot;:&quot;&quot;,&quot;jet_parallax_layout_bg_x&quot;:50,&quot;jet_parallax_layout_bg_x_widescreen&quot;:&quot;&quot;,&quot;jet_parallax_layout_bg_x_tablet&quot;:&quot;&quot;,&quot;jet_parallax_layout_bg_x_mobile&quot;:&quot;&quot;,&quot;jet_parallax_layout_bg_y&quot;:50,&quot;jet_parallax_layout_bg_y_widescreen&quot;:&quot;&quot;,&quot;jet_parallax_layout_bg_y_tablet&quot;:&quot;&quot;,&quot;jet_parallax_layout_bg_y_mobile&quot;:&quot;&quot;,&quot;jet_parallax_layout_bg_size&quot;:&quot;auto&quot;,&quot;jet_parallax_layout_bg_size_widescreen&quot;:&quot;&quot;,&quot;jet_parallax_layout_bg_size_tablet&quot;:&quot;&quot;,&quot;jet_parallax_layout_bg_size_mobile&quot;:&quot;&quot;,&quot;jet_parallax_layout_animation_prop&quot;:&quot;transform&quot;,&quot;jet_parallax_layout_on&quot;:[&quot;desktop&quot;,&quot;tablet&quot;]}]}\">\n\t\t\t\t\t\t<div class=\"elementor-container elementor-column-gap-default\">\n\t\t\t\t\t<div class=\"elementor-column elementor-col-100 elementor-top-column elementor-element elementor-element-a19612d\" data-id=\"a19612d\" data-element_type=\"column\" data-e-type=\"column\">\n\t\t\t<div class=\"elementor-widget-wrap elementor-element-populated\">\n\t\t\t\t\t\t<div class=\"elementor-element elementor-element-11da547 elementor-widget elementor-widget-heading\" data-id=\"11da547\" data-element_type=\"widget\" data-e-type=\"widget\" data-widget_type=\"heading.default\">\n\t\t\t\t<div class=\"elementor-widget-container\">\n\t\t\t\t\t<h2 class=\"elementor-heading-title elementor-size-default\">nosotros<\/h2>\t\t\t\t<\/div>\n\t\t\t\t<\/div>\n\t\t\t\t<section class=\"elementor-section elementor-inner-section elementor-element elementor-element-1b5f2f0 elementor-section-boxed elementor-section-height-default elementor-section-height-default\" data-id=\"1b5f2f0\" data-element_type=\"section\" data-e-type=\"section\" data-settings=\"{&quot;jet_parallax_layout_list&quot;:[{&quot;jet_parallax_layout_image&quot;:{&quot;url&quot;:&quot;&quot;,&quot;id&quot;:&quot;&quot;,&quot;size&quot;:&quot;&quot;},&quot;_id&quot;:&quot;6ab7f3a&quot;,&quot;jet_parallax_layout_image_widescreen&quot;:{&quot;url&quot;:&quot;&quot;,&quot;id&quot;:&quot;&quot;,&quot;size&quot;:&quot;&quot;},&quot;jet_parallax_layout_image_tablet&quot;:{&quot;url&quot;:&quot;&quot;,&quot;id&quot;:&quot;&quot;,&quot;size&quot;:&quot;&quot;},&quot;jet_parallax_layout_image_mobile&quot;:{&quot;url&quot;:&quot;&quot;,&quot;id&quot;:&quot;&quot;,&quot;size&quot;:&quot;&quot;},&quot;jet_parallax_layout_speed&quot;:{&quot;unit&quot;:&quot;%&quot;,&quot;size&quot;:50,&quot;sizes&quot;:[]},&quot;jet_parallax_layout_type&quot;:&quot;scroll&quot;,&quot;jet_parallax_layout_direction&quot;:&quot;1&quot;,&quot;jet_parallax_layout_fx_direction&quot;:null,&quot;jet_parallax_layout_z_index&quot;:&quot;&quot;,&quot;jet_parallax_layout_bg_x&quot;:50,&quot;jet_parallax_layout_bg_x_widescreen&quot;:&quot;&quot;,&quot;jet_parallax_layout_bg_x_tablet&quot;:&quot;&quot;,&quot;jet_parallax_layout_bg_x_mobile&quot;:&quot;&quot;,&quot;jet_parallax_layout_bg_y&quot;:50,&quot;jet_parallax_layout_bg_y_widescreen&quot;:&quot;&quot;,&quot;jet_parallax_layout_bg_y_tablet&quot;:&quot;&quot;,&quot;jet_parallax_layout_bg_y_mobile&quot;:&quot;&quot;,&quot;jet_parallax_layout_bg_size&quot;:&quot;auto&quot;,&quot;jet_parallax_layout_bg_size_widescreen&quot;:&quot;&quot;,&quot;jet_parallax_layout_bg_size_tablet&quot;:&quot;&quot;,&quot;jet_parallax_layout_bg_size_mobile&quot;:&quot;&quot;,&quot;jet_parallax_layout_animation_prop&quot;:&quot;transform&quot;,&quot;jet_parallax_layout_on&quot;:[&quot;desktop&quot;,&quot;tablet&quot;]}]}\">\n\t\t\t\t\t\t<div class=\"elementor-container elementor-column-gap-default\">\n\t\t\t\t\t<div class=\"elementor-column elementor-col-50 elementor-inner-column elementor-element elementor-element-c58c976\" data-id=\"c58c976\" data-element_type=\"column\" data-e-type=\"column\">\n\t\t\t<div class=\"elementor-widget-wrap elementor-element-populated\">\n\t\t\t\t\t\t<div class=\"elementor-element elementor-element-97e890a elementor-widget elementor-widget-image\" data-id=\"97e890a\" data-element_type=\"widget\" data-e-type=\"widget\" data-widget_type=\"image.default\">\n\t\t\t\t<div class=\"elementor-widget-container\">\n\t\t\t\t\t\t\t\t\t\t\t\t\t\t\t<img decoding=\"async\" src=\"https:\/\/monopolioinmobiliario.co\/blog\/wp-content\/uploads\/2021\/10\/1.jpg\" title=\"\" alt=\"\" loading=\"lazy\" \/>\t\t\t\t\t\t\t\t\t\t\t\t\t\t\t<\/div>\n\t\t\t\t<\/div>\n\t\t\t\t<div class=\"elementor-element elementor-element-e52f8be elementor-widget elementor-widget-heading\" data-id=\"e52f8be\" data-element_type=\"widget\" data-e-type=\"widget\" data-widget_type=\"heading.default\">\n\t\t\t\t<div class=\"elementor-widget-container\">\n\t\t\t\t\t<p class=\"elementor-heading-title elementor-size-default\">GRUPO EMPRESARIAL MI es una empresa dedicada a hacer realidad el sue\u00f1o de familia en la venta de inmuebles nuevos y usados, a servir en todo lo relacionado con la administraci\u00f3n y arrendamiento de inmuebles amoblados y desocupados, realizamos aval\u00faos t\u00e9cnicos de todo tipo de propiedades y a brindar asesor\u00edas jur\u00eddicas en todo lo relacionado a cualquier negociaci\u00f3n de tipo comercial de propiedad ra\u00edz, con personal altamente calificado, especializado y con una gran experiencia para atender nuestros clientes nacionales e internacionales. <br><br>\n\nSomos una empresa con mas de 20 a\u00f1os de experiencia en el \u00e1rea de los bienes Raices, orientados a brindar a nuestros clientes el mejor servicio en la administraci\u00f3n, arrendamiento, venta, aval\u00faos, hipotecas y asesor\u00edas jur\u00eddicas sobre sus inmuebles, trabajamos d\u00eda a d\u00eda para ayudar a las familias a encontrar su mejor soluci\u00f3n de vivienda propia o arrendada, ofrecer a empresas y particulares la mejor opci\u00f3n y prestar las m\u00e1s confiables asesor\u00edas jur\u00eddicas sobre negocios con inmuebles, contando con una amplia experiencia de su recurso humano joven pero con grandes aptitudes, amplia base de datos de inmuebles y excelentes recursos tecnol\u00f3gicos, adem\u00e1s siempre teniendo como objetivo principal la mejor atenci\u00f3n al servicio.<\/p>\t\t\t\t<\/div>\n\t\t\t\t<\/div>\n\t\t\t\t<div class=\"elementor-element elementor-element-1759158 elementor-widget__width-initial elementor-widget elementor-widget-heading\" data-id=\"1759158\" data-element_type=\"widget\" data-e-type=\"widget\" data-widget_type=\"heading.default\">\n\t\t\t\t<div class=\"elementor-widget-container\">\n\t\t\t\t\t<h2 class=\"elementor-heading-title elementor-size-default\">nuestro objetivo<\/h2>\t\t\t\t<\/div>\n\t\t\t\t<\/div>\n\t\t\t\t<div class=\"elementor-element elementor-element-3c492e7 elementor-widget elementor-widget-heading\" data-id=\"3c492e7\" data-element_type=\"widget\" data-e-type=\"widget\" data-widget_type=\"heading.default\">\n\t\t\t\t<div class=\"elementor-widget-container\">\n\t\t\t\t\t<p class=\"elementor-heading-title elementor-size-default\">Ofrecer un excelente servicio y respaldo con transparencia, comercializar \u00e1gilmente su propiedad. Contamos con un excelente equipo humano joven pero con una gran proyecci\u00f3n, red comercial y gran inventario de inmuebles.<\/p>\t\t\t\t<\/div>\n\t\t\t\t<\/div>\n\t\t\t\t<div class=\"elementor-element elementor-element-c83c069 elementor-widget elementor-widget-image\" data-id=\"c83c069\" data-element_type=\"widget\" data-e-type=\"widget\" data-widget_type=\"image.default\">\n\t\t\t\t<div class=\"elementor-widget-container\">\n\t\t\t\t\t\t\t\t\t\t\t\t\t\t\t<img decoding=\"async\" src=\"https:\/\/monopolioinmobiliario.co\/blog\/wp-content\/uploads\/2021\/09\/1.jpg\" title=\"\" alt=\"\" loading=\"lazy\" \/>\t\t\t\t\t\t\t\t\t\t\t\t\t\t\t<\/div>\n\t\t\t\t<\/div>\n\t\t\t\t<div class=\"elementor-element elementor-element-b3b20c0 elementor-widget__width-initial elementor-widget elementor-widget-heading\" data-id=\"b3b20c0\" data-element_type=\"widget\" data-e-type=\"widget\" data-widget_type=\"heading.default\">\n\t\t\t\t<div class=\"elementor-widget-container\">\n\t\t\t\t\t<h2 class=\"elementor-heading-title elementor-size-default\">valores corporativos<\/h2>\t\t\t\t<\/div>\n\t\t\t\t<\/div>\n\t\t\t\t<div class=\"elementor-element elementor-element-918160f elementor-widget elementor-widget-heading\" data-id=\"918160f\" data-element_type=\"widget\" data-e-type=\"widget\" data-widget_type=\"heading.default\">\n\t\t\t\t<div class=\"elementor-widget-container\">\n\t\t\t\t\t<p class=\"elementor-heading-title elementor-size-default\">Servicio<br \/>\nDedicaci\u00f3n<br \/>\nRespeto<br \/>\nTransparencia<br \/>\nCumplimiento<br \/>\nConfianza<br \/>\nCredibilidad<br \/>\nProfesionalismo<\/p>\t\t\t\t<\/div>\n\t\t\t\t<\/div>\n\t\t\t\t<div class=\"elementor-element elementor-element-a19b7ce elementor-widget elementor-widget-image\" data-id=\"a19b7ce\" data-element_type=\"widget\" data-e-type=\"widget\" data-widget_type=\"image.default\">\n\t\t\t\t<div class=\"elementor-widget-container\">\n\t\t\t\t\t\t\t\t\t\t\t\t\t\t\t<img decoding=\"async\" src=\"https:\/\/monopolioinmobiliario.co\/blog\/wp-content\/uploads\/2021\/10\/5.jpg\" title=\"\" alt=\"\" loading=\"lazy\" \/>\t\t\t\t\t\t\t\t\t\t\t\t\t\t\t<\/div>\n\t\t\t\t<\/div>\n\t\t\t\t\t<\/div>\n\t\t<\/div>\n\t\t\t\t<div class=\"elementor-column elementor-col-50 elementor-inner-column elementor-element elementor-element-d32ab7f\" data-id=\"d32ab7f\" data-element_type=\"column\" data-e-type=\"column\">\n\t\t\t<div class=\"elementor-widget-wrap elementor-element-populated\">\n\t\t\t\t\t\t<div class=\"elementor-element elementor-element-af6832c elementor-widget__width-initial elementor-widget elementor-widget-heading\" data-id=\"af6832c\" data-element_type=\"widget\" data-e-type=\"widget\" data-widget_type=\"heading.default\">\n\t\t\t\t<div class=\"elementor-widget-container\">\n\t\t\t\t\t<h2 class=\"elementor-heading-title elementor-size-default\">misi\u00f3n<\/h2>\t\t\t\t<\/div>\n\t\t\t\t<\/div>\n\t\t\t\t<div class=\"elementor-element elementor-element-7517e03 elementor-widget elementor-widget-heading\" data-id=\"7517e03\" data-element_type=\"widget\" data-e-type=\"widget\" data-widget_type=\"heading.default\">\n\t\t\t\t<div class=\"elementor-widget-container\">\n\t\t\t\t\t<p class=\"elementor-heading-title elementor-size-default\">Nuestra Misi\u00f3n es entregar a nuestros clientes un servicio especializado y personalizado, con un producto que satisfaga sus necesidades en cuando a calidad y precios.  Para ello contamos con asesor\u00edas de personal calificado y especializado,  con la disponibilidad de un segundo idioma y mejor experiencia en el sector inmobiliario en el Departamento de Antioquia,  la mejor tecnolog\u00eda en Internet a trav\u00e9s de nuestros portales WEB, ahorr\u00e1ndole a nuestros clientes, desplazamientos, tiempo y dinero. Contamos con gran cantidad de inmuebles para ofrecer a nuestros clientes activos y potenciales, en la calidad que desee o necesite.<\/p>\t\t\t\t<\/div>\n\t\t\t\t<\/div>\n\t\t\t\t<div class=\"elementor-element elementor-element-a85faf3 elementor-widget elementor-widget-image\" data-id=\"a85faf3\" data-element_type=\"widget\" data-e-type=\"widget\" data-widget_type=\"image.default\">\n\t\t\t\t<div class=\"elementor-widget-container\">\n\t\t\t\t\t\t\t\t\t\t\t\t\t\t\t<img decoding=\"async\" src=\"https:\/\/monopolioinmobiliario.co\/blog\/wp-content\/uploads\/2021\/09\/q2.jpg\" title=\"\" alt=\"\" loading=\"lazy\" \/>\t\t\t\t\t\t\t\t\t\t\t\t\t\t\t<\/div>\n\t\t\t\t<\/div>\n\t\t\t\t<div class=\"elementor-element elementor-element-86bfe41 elementor-widget__width-initial elementor-widget elementor-widget-heading\" data-id=\"86bfe41\" data-element_type=\"widget\" data-e-type=\"widget\" data-widget_type=\"heading.default\">\n\t\t\t\t<div class=\"elementor-widget-container\">\n\t\t\t\t\t<h2 class=\"elementor-heading-title elementor-size-default\">visi\u00f3n<\/h2>\t\t\t\t<\/div>\n\t\t\t\t<\/div>\n\t\t\t\t<div class=\"elementor-element elementor-element-a4f70d2 elementor-widget elementor-widget-heading\" data-id=\"a4f70d2\" data-element_type=\"widget\" data-e-type=\"widget\" data-widget_type=\"heading.default\">\n\t\t\t\t<div class=\"elementor-widget-container\">\n\t\t\t\t\t<p class=\"elementor-heading-title elementor-size-default\">En el <strong data-start=\"209\" data-end=\"233\">Grupo Empresarial MI<\/strong> nos proyectamos para el a\u00f1o 2030 como la inmobiliaria l\u00edder e innovadora del mercado regional y nacional, reconocida por nuestra agilidad, confianza y capacidad para transformar la experiencia inmobiliaria a trav\u00e9s de la tecnolog\u00eda, la creatividad y un servicio excepcional.<br data-start=\"491\" data-end=\"494\">\nNuestro modelo de gesti\u00f3n, enfocado en la <strong data-start=\"536\" data-end=\"561\">innovaci\u00f3n permanente<\/strong>, la <strong data-start=\"566\" data-end=\"580\">eficiencia<\/strong> y la <strong data-start=\"586\" data-end=\"602\">proactividad<\/strong>, nos permitir\u00e1 generar oportunidades de negocio \u00fanicas, garantizar la satisfacci\u00f3n total de nuestros clientes y promover el bienestar y desarrollo de nuestro equipo de trabajo.<\/p>\t\t\t\t<\/div>\n\t\t\t\t<\/div>\n\t\t\t\t<div class=\"elementor-element elementor-element-dc8085c elementor-widget elementor-widget-image\" data-id=\"dc8085c\" data-element_type=\"widget\" data-e-type=\"widget\" data-widget_type=\"image.default\">\n\t\t\t\t<div class=\"elementor-widget-container\">\n\t\t\t\t\t\t\t\t\t\t\t\t\t\t\t<img decoding=\"async\" src=\"https:\/\/monopolioinmobiliario.co\/blog\/wp-content\/uploads\/2021\/09\/q4.jpg\" title=\"\" alt=\"\" loading=\"lazy\" \/>\t\t\t\t\t\t\t\t\t\t\t\t\t\t\t<\/div>\n\t\t\t\t<\/div>\n\t\t\t\t\t<\/div>\n\t\t<\/div>\n\t\t\t\t\t<\/div>\n\t\t<\/section>\n\t\t\t\t\t<\/div>\n\t\t<\/div>\n\t\t\t\t\t<\/div>\n\t\t<\/section>\n\t\t\t\t<\/div>\n\t\t","protected":false},"excerpt":{"rendered":"<p>nosotros GRUPO EMPRESARIAL MI es una empresa dedicada a hacer realidad el sue\u00f1o de familia en la venta de inmuebles nuevos y usados, a servir en todo lo relacionado con la administraci\u00f3n y arrendamiento de inmuebles amoblados y desocupados, realizamos aval\u00faos t\u00e9cnicos de todo tipo de propiedades y a brindar asesor\u00edas jur\u00eddicas en todo lo [&hellip;]<\/p>\n","protected":false},"author":1,"featured_media":0,"parent":0,"menu_order":0,"comment_status":"closed","ping_status":"closed","template":"elementor_header_footer","meta":{"footnotes":""},"class_list":["post-217","page","type-page","status-publish","hentry"],"yoast_head":"<!-- This site is optimized with the Yoast SEO plugin v26.6 - https:\/\/yoast.com\/wordpress\/plugins\/seo\/ -->\n<title>Servicios de arriendo y venta de inmuebles - Monopolio Inmobiliario Blog<\/title>\n<meta name=\"description\" content=\"Ofrecemos servicios en la administraci\u00f3n, arriendo, venta y asesor\u00edas jur\u00eddicas sobre sus inmuebles. Encontramos el inmueble adecuado.\" \/>\n<meta name=\"robots\" content=\"index, follow, max-snippet:-1, max-image-preview:large, max-video-preview:-1\" \/>\n<link rel=\"canonical\" href=\"https:\/\/grupoempresarialmi.com\/blog\/nosotros\/\" \/>\n<meta property=\"og:locale\" content=\"es_ES\" \/>\n<meta property=\"og:type\" content=\"article\" \/>\n<meta property=\"og:title\" content=\"Servicios de arriendo y venta de inmuebles - Monopolio Inmobiliario Blog\" \/>\n<meta property=\"og:description\" content=\"Ofrecemos servicios en la administraci\u00f3n, arriendo, venta y asesor\u00edas jur\u00eddicas sobre sus inmuebles. Encontramos el inmueble adecuado.\" \/>\n<meta property=\"og:url\" content=\"https:\/\/grupoempresarialmi.com\/blog\/nosotros\/\" \/>\n<meta property=\"og:site_name\" content=\"Monopolio Inmobiliario Blog\" \/>\n<meta property=\"article:modified_time\" content=\"2026-04-08T16:18:18+00:00\" \/>\n<meta property=\"og:image\" content=\"https:\/\/monopolioinmobiliario.co\/blog\/wp-content\/uploads\/2021\/10\/1.jpg\" \/>\n<meta name=\"twitter:card\" content=\"summary_large_image\" \/>\n<meta name=\"twitter:label1\" content=\"Tiempo de lectura\" \/>\n\t<meta name=\"twitter:data1\" content=\"4 minutos\" \/>\n<script type=\"application\/ld+json\" class=\"yoast-schema-graph\">{\"@context\":\"https:\/\/schema.org\",\"@graph\":[{\"@type\":\"WebPage\",\"@id\":\"https:\/\/grupoempresarialmi.com\/blog\/nosotros\/\",\"url\":\"https:\/\/grupoempresarialmi.com\/blog\/nosotros\/\",\"name\":\"Servicios de arriendo y venta de inmuebles - Monopolio Inmobiliario Blog\",\"isPartOf\":{\"@id\":\"https:\/\/grupoempresarialmi.com\/blog\/#website\"},\"primaryImageOfPage\":{\"@id\":\"https:\/\/grupoempresarialmi.com\/blog\/nosotros\/#primaryimage\"},\"image\":{\"@id\":\"https:\/\/grupoempresarialmi.com\/blog\/nosotros\/#primaryimage\"},\"thumbnailUrl\":\"https:\/\/monopolioinmobiliario.co\/blog\/wp-content\/uploads\/2021\/10\/1.jpg\",\"datePublished\":\"2021-10-27T15:01:16+00:00\",\"dateModified\":\"2026-04-08T16:18:18+00:00\",\"description\":\"Ofrecemos servicios en la administraci\u00f3n, arriendo, venta y asesor\u00edas jur\u00eddicas sobre sus inmuebles. Encontramos el inmueble adecuado.\",\"breadcrumb\":{\"@id\":\"https:\/\/grupoempresarialmi.com\/blog\/nosotros\/#breadcrumb\"},\"inLanguage\":\"es-CO\",\"potentialAction\":[{\"@type\":\"ReadAction\",\"target\":[\"https:\/\/grupoempresarialmi.com\/blog\/nosotros\/\"]}]},{\"@type\":\"ImageObject\",\"inLanguage\":\"es-CO\",\"@id\":\"https:\/\/grupoempresarialmi.com\/blog\/nosotros\/#primaryimage\",\"url\":\"https:\/\/monopolioinmobiliario.co\/blog\/wp-content\/uploads\/2021\/10\/1.jpg\",\"contentUrl\":\"https:\/\/monopolioinmobiliario.co\/blog\/wp-content\/uploads\/2021\/10\/1.jpg\"},{\"@type\":\"BreadcrumbList\",\"@id\":\"https:\/\/grupoempresarialmi.com\/blog\/nosotros\/#breadcrumb\",\"itemListElement\":[{\"@type\":\"ListItem\",\"position\":1,\"name\":\"Inicio\",\"item\":\"https:\/\/grupoempresarialmi.com\/blog\/\"},{\"@type\":\"ListItem\",\"position\":2,\"name\":\"Servicios de arriendo y venta de inmuebles\"}]},{\"@type\":\"WebSite\",\"@id\":\"https:\/\/grupoempresarialmi.com\/blog\/#website\",\"url\":\"https:\/\/grupoempresarialmi.com\/blog\/\",\"name\":\"Monopolio Inmobiliario Blog\",\"description\":\"Otro sitio realizado con WordPress\",\"potentialAction\":[{\"@type\":\"SearchAction\",\"target\":{\"@type\":\"EntryPoint\",\"urlTemplate\":\"https:\/\/grupoempresarialmi.com\/blog\/?s={search_term_string}\"},\"query-input\":{\"@type\":\"PropertyValueSpecification\",\"valueRequired\":true,\"valueName\":\"search_term_string\"}}],\"inLanguage\":\"es-CO\"}]}<\/script>\n<!-- \/ Yoast SEO plugin. -->","yoast_head_json":{"title":"Servicios de arriendo y venta de inmuebles - Monopolio Inmobiliario Blog","description":"Ofrecemos servicios en la administraci\u00f3n, arriendo, venta y asesor\u00edas jur\u00eddicas sobre sus inmuebles. Encontramos el inmueble adecuado.","robots":{"index":"index","follow":"follow","max-snippet":"max-snippet:-1","max-image-preview":"max-image-preview:large","max-video-preview":"max-video-preview:-1"},"canonical":"https:\/\/grupoempresarialmi.com\/blog\/nosotros\/","og_locale":"es_ES","og_type":"article","og_title":"Servicios de arriendo y venta de inmuebles - Monopolio Inmobiliario Blog","og_description":"Ofrecemos servicios en la administraci\u00f3n, arriendo, venta y asesor\u00edas jur\u00eddicas sobre sus inmuebles. Encontramos el inmueble adecuado.","og_url":"https:\/\/grupoempresarialmi.com\/blog\/nosotros\/","og_site_name":"Monopolio Inmobiliario Blog","article_modified_time":"2026-04-08T16:18:18+00:00","og_image":[{"url":"https:\/\/monopolioinmobiliario.co\/blog\/wp-content\/uploads\/2021\/10\/1.jpg","type":"","width":"","height":""}],"twitter_card":"summary_large_image","twitter_misc":{"Tiempo de lectura":"4 minutos"},"schema":{"@context":"https:\/\/schema.org","@graph":[{"@type":"WebPage","@id":"https:\/\/grupoempresarialmi.com\/blog\/nosotros\/","url":"https:\/\/grupoempresarialmi.com\/blog\/nosotros\/","name":"Servicios de arriendo y venta de inmuebles - Monopolio Inmobiliario Blog","isPartOf":{"@id":"https:\/\/grupoempresarialmi.com\/blog\/#website"},"primaryImageOfPage":{"@id":"https:\/\/grupoempresarialmi.com\/blog\/nosotros\/#primaryimage"},"image":{"@id":"https:\/\/grupoempresarialmi.com\/blog\/nosotros\/#primaryimage"},"thumbnailUrl":"https:\/\/monopolioinmobiliario.co\/blog\/wp-content\/uploads\/2021\/10\/1.jpg","datePublished":"2021-10-27T15:01:16+00:00","dateModified":"2026-04-08T16:18:18+00:00","description":"Ofrecemos servicios en la administraci\u00f3n, arriendo, venta y asesor\u00edas jur\u00eddicas sobre sus inmuebles. Encontramos el inmueble adecuado.","breadcrumb":{"@id":"https:\/\/grupoempresarialmi.com\/blog\/nosotros\/#breadcrumb"},"inLanguage":"es-CO","potentialAction":[{"@type":"ReadAction","target":["https:\/\/grupoempresarialmi.com\/blog\/nosotros\/"]}]},{"@type":"ImageObject","inLanguage":"es-CO","@id":"https:\/\/grupoempresarialmi.com\/blog\/nosotros\/#primaryimage","url":"https:\/\/monopolioinmobiliario.co\/blog\/wp-content\/uploads\/2021\/10\/1.jpg","contentUrl":"https:\/\/monopolioinmobiliario.co\/blog\/wp-content\/uploads\/2021\/10\/1.jpg"},{"@type":"BreadcrumbList","@id":"https:\/\/grupoempresarialmi.com\/blog\/nosotros\/#breadcrumb","itemListElement":[{"@type":"ListItem","position":1,"name":"Inicio","item":"https:\/\/grupoempresarialmi.com\/blog\/"},{"@type":"ListItem","position":2,"name":"Servicios de arriendo y venta de inmuebles"}]},{"@type":"WebSite","@id":"https:\/\/grupoempresarialmi.com\/blog\/#website","url":"https:\/\/grupoempresarialmi.com\/blog\/","name":"Monopolio Inmobiliario Blog","description":"Otro sitio realizado con WordPress","potentialAction":[{"@type":"SearchAction","target":{"@type":"EntryPoint","urlTemplate":"https:\/\/grupoempresarialmi.com\/blog\/?s={search_term_string}"},"query-input":{"@type":"PropertyValueSpecification","valueRequired":true,"valueName":"search_term_string"}}],"inLanguage":"es-CO"}]}},"_links":{"self":[{"href":"https:\/\/grupoempresarialmi.com\/blog\/wp-json\/wp\/v2\/pages\/217","targetHints":{"allow":["GET"]}}],"collection":[{"href":"https:\/\/grupoempresarialmi.com\/blog\/wp-json\/wp\/v2\/pages"}],"about":[{"href":"https:\/\/grupoempresarialmi.com\/blog\/wp-json\/wp\/v2\/types\/page"}],"author":[{"embeddable":true,"href":"https:\/\/grupoempresarialmi.com\/blog\/wp-json\/wp\/v2\/users\/1"}],"replies":[{"embeddable":true,"href":"https:\/\/grupoempresarialmi.com\/blog\/wp-json\/wp\/v2\/comments?post=217"}],"version-history":[{"count":31,"href":"https:\/\/grupoempresarialmi.com\/blog\/wp-json\/wp\/v2\/pages\/217\/revisions"}],"predecessor-version":[{"id":4192,"href":"https:\/\/grupoempresarialmi.com\/blog\/wp-json\/wp\/v2\/pages\/217\/revisions\/4192"}],"wp:attachment":[{"href":"https:\/\/grupoempresarialmi.com\/blog\/wp-json\/wp\/v2\/media?parent=217"}],"curies":[{"name":"wp","href":"https:\/\/api.w.org\/{rel}","templated":true}]}}