{"id":3,"date":"2021-09-28T23:28:01","date_gmt":"2021-09-29T04:28:01","guid":{"rendered":"https:\/\/monopolioinmobiliario.co\/blog\/?page_id=3"},"modified":"2023-11-06T10:28:38","modified_gmt":"2023-11-06T15:28:38","slug":"politica-privacidad","status":"publish","type":"page","link":"https:\/\/grupoempresarialmi.com\/blog\/politica-privacidad\/","title":{"rendered":"Pol\u00edtica de privacidad"},"content":{"rendered":"<p>GRUPO EMPRESARIAL MI S.A.S., sociedad identificada con el NIT No. 901634348 &#8211; 7, domiciliada en la ciudad de Medell\u00edn en la Carrera 81A #42B 34; como responsable de los datos personales que se han almacenado en virtud del giro ordinario de sus negocios, las relaciones comerciales y laborales que se han contra\u00eddo con personas naturales; de acuerdo a sus pol\u00edticas de tratamiento de datos personales emite el siguiente aviso:<\/p>\n<p><strong>PRIMERO. IDENTIFICACI\u00d3N:<\/strong><br \/>\nRAZ\u00d3N SOCIAL GRUPO EMPRESARIAL MI S.A.S. en adelante LA EMPRESA<br \/>\nDOMICILIO Y DIRECCI\u00d3N Carrera 81a # 42b \u2013 34 Medell\u00edn &#8211; Colombia<br \/>\nCORREO ELECTRONICO pqrs@grupoempresarialmi.com<br \/>\nN\u00daMERO\u00a0 (604) 4442949<\/p>\n<p><strong>SEGUNDO. FINALIDAD:<\/strong> los datos personales que nos ha suministrado como arrendatario, codeudor, propietario, prestador de servicios, contratista, proveedor o trabajador de la empresa, har\u00e1n parte de nuestra base de datos para ser usados con fines: administrativos, misionales, comerciales, operativos, publicitarios y dem\u00e1s actividades relacionadas con el\u00a0 objeto social de la empresa, as\u00ed como para el uso y almacenamiento de los mismos, para estudios internos sobre los h\u00e1bitos de consumo y otros de publicidad, fidelizaci\u00f3n de clientes y mercadeo, con el objeto de mantenerlo informado a trav\u00e9s de cualquier medio de comunicaci\u00f3n, incluyendo la v\u00eda electr\u00f3nica, as\u00ed como de los productos o servicios que puedan ser de su inter\u00e9s y en general, para el desarrollo de las funciones propias de la empresa de conformidad con lo establecido en sus estatutos y en El C\u00f3digo de Comercio, adem\u00e1s de las finalidades estipuladas en nuestras pol\u00edticas de tratamiento de datos personales que podr\u00e1 consultar en nuestra p\u00e1gina web https:\/\/grupoempresarialmi.com\/<\/p>\n<p><strong>TERCERO. DERECHOS:<\/strong> el titular de la informaci\u00f3n tendr\u00e1 derecho a conocer; actualizar, rectificar y suprimir los datos que reposan en nuestra base de datos, as\u00ed como reclamar al responsable y revocar la autorizaci\u00f3n para su uso.<\/p>\n<p><strong>CUARTO. MECANISMOS DE CONCOCIMIENTO:<\/strong> LA EMPRESA pondr\u00e1 en conocimiento de los titulares de los datos personales, las pol\u00edticas de tratamiento de datos personales que regulan esta materia en nuestra compa\u00f1\u00eda, mediante publicaci\u00f3n en nuestra p\u00e1gina web. Adem\u00e1s, podr\u00e1n ser consultadas al correo electr\u00f3nico pqrs@grupoempresarialmi.com o al n\u00famero telef\u00f3nico (604) 4442949.<\/p>\n<p><strong>QUINTO. DATOS SENSIBLES:<\/strong> todos los datos que ante la ley se consideren como datos sensibles, ser\u00e1 facultativo de su titular el revelarlos a LA EMPRESA.<\/p>\n","protected":false},"excerpt":{"rendered":"<p>GRUPO EMPRESARIAL MI S.A.S., sociedad identificada con el NIT No. 901634348 &#8211; 7, domiciliada en la ciudad de Medell\u00edn en la Carrera 81A #42B 34; como responsable de los datos personales que se han almacenado en virtud del giro ordinario de sus negocios, las relaciones comerciales y laborales que se han contra\u00eddo con personas naturales; [&hellip;]<\/p>\n","protected":false},"author":1,"featured_media":0,"parent":0,"menu_order":0,"comment_status":"closed","ping_status":"closed","template":"","meta":{"footnotes":""},"class_list":["post-3","page","type-page","status-publish","hentry"],"yoast_head":"<!-- This site is optimized with the Yoast SEO plugin v26.6 - https:\/\/yoast.com\/wordpress\/plugins\/seo\/ -->\n<title>Pol\u00edtica de privacidad - Monopolio Inmobiliario Blog<\/title>\n<meta name=\"description\" content=\"MONOPOLIO INMOBILIARIO S.A.S., sociedad identificada con el NIT No. 900656947 - 1, domiciliada en la ciudad de Medell\u00edn en la Carrera 81A #42B 34; como responsable de los datos personales que se han almacenado en virtud del giro ordinario de sus negocios\" \/>\n<meta name=\"robots\" content=\"index, follow, max-snippet:-1, max-image-preview:large, max-video-preview:-1\" \/>\n<link rel=\"canonical\" href=\"https:\/\/grupoempresarialmi.com\/blog\/politica-privacidad\/\" \/>\n<meta property=\"og:locale\" content=\"es_ES\" \/>\n<meta property=\"og:type\" content=\"article\" \/>\n<meta property=\"og:title\" content=\"Pol\u00edtica de privacidad - Monopolio Inmobiliario Blog\" \/>\n<meta property=\"og:description\" content=\"MONOPOLIO INMOBILIARIO S.A.S., sociedad identificada con el NIT No. 900656947 - 1, domiciliada en la ciudad de Medell\u00edn en la Carrera 81A #42B 34; como responsable de los datos personales que se han almacenado en virtud del giro ordinario de sus negocios\" \/>\n<meta property=\"og:url\" content=\"https:\/\/grupoempresarialmi.com\/blog\/politica-privacidad\/\" \/>\n<meta property=\"og:site_name\" content=\"Monopolio Inmobiliario Blog\" \/>\n<meta property=\"article:modified_time\" content=\"2023-11-06T15:28:38+00:00\" \/>\n<meta name=\"twitter:card\" content=\"summary_large_image\" \/>\n<meta name=\"twitter:label1\" content=\"Tiempo de lectura\" \/>\n\t<meta name=\"twitter:data1\" content=\"2 minutos\" \/>\n<script type=\"application\/ld+json\" class=\"yoast-schema-graph\">{\"@context\":\"https:\/\/schema.org\",\"@graph\":[{\"@type\":\"WebPage\",\"@id\":\"https:\/\/grupoempresarialmi.com\/blog\/politica-privacidad\/\",\"url\":\"https:\/\/grupoempresarialmi.com\/blog\/politica-privacidad\/\",\"name\":\"Pol\u00edtica de privacidad - Monopolio Inmobiliario Blog\",\"isPartOf\":{\"@id\":\"https:\/\/grupoempresarialmi.com\/blog\/#website\"},\"datePublished\":\"2021-09-29T04:28:01+00:00\",\"dateModified\":\"2023-11-06T15:28:38+00:00\",\"description\":\"MONOPOLIO INMOBILIARIO S.A.S., sociedad identificada con el NIT No. 900656947 - 1, domiciliada en la ciudad de Medell\u00edn en la Carrera 81A #42B 34; como responsable de los datos personales que se han almacenado en virtud del giro ordinario de sus negocios\",\"breadcrumb\":{\"@id\":\"https:\/\/grupoempresarialmi.com\/blog\/politica-privacidad\/#breadcrumb\"},\"inLanguage\":\"es-CO\",\"potentialAction\":[{\"@type\":\"ReadAction\",\"target\":[\"https:\/\/grupoempresarialmi.com\/blog\/politica-privacidad\/\"]}]},{\"@type\":\"BreadcrumbList\",\"@id\":\"https:\/\/grupoempresarialmi.com\/blog\/politica-privacidad\/#breadcrumb\",\"itemListElement\":[{\"@type\":\"ListItem\",\"position\":1,\"name\":\"Inicio\",\"item\":\"https:\/\/grupoempresarialmi.com\/blog\/\"},{\"@type\":\"ListItem\",\"position\":2,\"name\":\"Pol\u00edtica de privacidad\"}]},{\"@type\":\"WebSite\",\"@id\":\"https:\/\/grupoempresarialmi.com\/blog\/#website\",\"url\":\"https:\/\/grupoempresarialmi.com\/blog\/\",\"name\":\"Monopolio Inmobiliario Blog\",\"description\":\"Otro sitio realizado con WordPress\",\"potentialAction\":[{\"@type\":\"SearchAction\",\"target\":{\"@type\":\"EntryPoint\",\"urlTemplate\":\"https:\/\/grupoempresarialmi.com\/blog\/?s={search_term_string}\"},\"query-input\":{\"@type\":\"PropertyValueSpecification\",\"valueRequired\":true,\"valueName\":\"search_term_string\"}}],\"inLanguage\":\"es-CO\"}]}<\/script>\n<!-- \/ Yoast SEO plugin. -->","yoast_head_json":{"title":"Pol\u00edtica de privacidad - Monopolio Inmobiliario Blog","description":"MONOPOLIO INMOBILIARIO S.A.S., sociedad identificada con el NIT No. 900656947 - 1, domiciliada en la ciudad de Medell\u00edn en la Carrera 81A #42B 34; como responsable de los datos personales que se han almacenado en virtud del giro ordinario de sus negocios","robots":{"index":"index","follow":"follow","max-snippet":"max-snippet:-1","max-image-preview":"max-image-preview:large","max-video-preview":"max-video-preview:-1"},"canonical":"https:\/\/grupoempresarialmi.com\/blog\/politica-privacidad\/","og_locale":"es_ES","og_type":"article","og_title":"Pol\u00edtica de privacidad - Monopolio Inmobiliario Blog","og_description":"MONOPOLIO INMOBILIARIO S.A.S., sociedad identificada con el NIT No. 900656947 - 1, domiciliada en la ciudad de Medell\u00edn en la Carrera 81A #42B 34; como responsable de los datos personales que se han almacenado en virtud del giro ordinario de sus negocios","og_url":"https:\/\/grupoempresarialmi.com\/blog\/politica-privacidad\/","og_site_name":"Monopolio Inmobiliario Blog","article_modified_time":"2023-11-06T15:28:38+00:00","twitter_card":"summary_large_image","twitter_misc":{"Tiempo de lectura":"2 minutos"},"schema":{"@context":"https:\/\/schema.org","@graph":[{"@type":"WebPage","@id":"https:\/\/grupoempresarialmi.com\/blog\/politica-privacidad\/","url":"https:\/\/grupoempresarialmi.com\/blog\/politica-privacidad\/","name":"Pol\u00edtica de privacidad - Monopolio Inmobiliario Blog","isPartOf":{"@id":"https:\/\/grupoempresarialmi.com\/blog\/#website"},"datePublished":"2021-09-29T04:28:01+00:00","dateModified":"2023-11-06T15:28:38+00:00","description":"MONOPOLIO INMOBILIARIO S.A.S., sociedad identificada con el NIT No. 900656947 - 1, domiciliada en la ciudad de Medell\u00edn en la Carrera 81A #42B 34; como responsable de los datos personales que se han almacenado en virtud del giro ordinario de sus negocios","breadcrumb":{"@id":"https:\/\/grupoempresarialmi.com\/blog\/politica-privacidad\/#breadcrumb"},"inLanguage":"es-CO","potentialAction":[{"@type":"ReadAction","target":["https:\/\/grupoempresarialmi.com\/blog\/politica-privacidad\/"]}]},{"@type":"BreadcrumbList","@id":"https:\/\/grupoempresarialmi.com\/blog\/politica-privacidad\/#breadcrumb","itemListElement":[{"@type":"ListItem","position":1,"name":"Inicio","item":"https:\/\/grupoempresarialmi.com\/blog\/"},{"@type":"ListItem","position":2,"name":"Pol\u00edtica de privacidad"}]},{"@type":"WebSite","@id":"https:\/\/grupoempresarialmi.com\/blog\/#website","url":"https:\/\/grupoempresarialmi.com\/blog\/","name":"Monopolio Inmobiliario Blog","description":"Otro sitio realizado con WordPress","potentialAction":[{"@type":"SearchAction","target":{"@type":"EntryPoint","urlTemplate":"https:\/\/grupoempresarialmi.com\/blog\/?s={search_term_string}"},"query-input":{"@type":"PropertyValueSpecification","valueRequired":true,"valueName":"search_term_string"}}],"inLanguage":"es-CO"}]}},"_links":{"self":[{"href":"https:\/\/grupoempresarialmi.com\/blog\/wp-json\/wp\/v2\/pages\/3","targetHints":{"allow":["GET"]}}],"collection":[{"href":"https:\/\/grupoempresarialmi.com\/blog\/wp-json\/wp\/v2\/pages"}],"about":[{"href":"https:\/\/grupoempresarialmi.com\/blog\/wp-json\/wp\/v2\/types\/page"}],"author":[{"embeddable":true,"href":"https:\/\/grupoempresarialmi.com\/blog\/wp-json\/wp\/v2\/users\/1"}],"replies":[{"embeddable":true,"href":"https:\/\/grupoempresarialmi.com\/blog\/wp-json\/wp\/v2\/comments?post=3"}],"version-history":[{"count":8,"href":"https:\/\/grupoempresarialmi.com\/blog\/wp-json\/wp\/v2\/pages\/3\/revisions"}],"predecessor-version":[{"id":2892,"href":"https:\/\/grupoempresarialmi.com\/blog\/wp-json\/wp\/v2\/pages\/3\/revisions\/2892"}],"wp:attachment":[{"href":"https:\/\/grupoempresarialmi.com\/blog\/wp-json\/wp\/v2\/media?parent=3"}],"curies":[{"name":"wp","href":"https:\/\/api.w.org\/{rel}","templated":true}]}}