{"id":7,"date":"2021-09-29T17:07:42","date_gmt":"2021-09-29T22:07:42","guid":{"rendered":"https:\/\/monopolioinmobiliario.co\/blog\/?page_id=7"},"modified":"2026-03-02T16:41:48","modified_gmt":"2026-03-02T21:41:48","slug":"inicio","status":"publish","type":"page","link":"https:\/\/grupoempresarialmi.com\/blog\/","title":{"rendered":"Venta y arriendo de inmuebles en Antioquia"},"content":{"rendered":"\t\t<div data-elementor-type=\"wp-page\" data-elementor-id=\"7\" class=\"elementor elementor-7\" data-elementor-post-type=\"page\">\n\t\t\t\t\t\t<section class=\"elementor-section elementor-top-section elementor-element elementor-element-a1f51cc elementor-section-boxed elementor-section-height-default elementor-section-height-default\" data-id=\"a1f51cc\" data-element_type=\"section\" data-e-type=\"section\" data-settings=\"{&quot;jet_parallax_layout_list&quot;:[{&quot;jet_parallax_layout_image&quot;:{&quot;url&quot;:&quot;&quot;,&quot;id&quot;:&quot;&quot;,&quot;size&quot;:&quot;&quot;},&quot;_id&quot;:&quot;20c0d90&quot;,&quot;jet_parallax_layout_image_widescreen&quot;:{&quot;url&quot;:&quot;&quot;,&quot;id&quot;:&quot;&quot;,&quot;size&quot;:&quot;&quot;},&quot;jet_parallax_layout_image_tablet&quot;:{&quot;url&quot;:&quot;&quot;,&quot;id&quot;:&quot;&quot;,&quot;size&quot;:&quot;&quot;},&quot;jet_parallax_layout_image_mobile&quot;:{&quot;url&quot;:&quot;&quot;,&quot;id&quot;:&quot;&quot;,&quot;size&quot;:&quot;&quot;},&quot;jet_parallax_layout_speed&quot;:{&quot;unit&quot;:&quot;%&quot;,&quot;size&quot;:50,&quot;sizes&quot;:[]},&quot;jet_parallax_layout_type&quot;:&quot;scroll&quot;,&quot;jet_parallax_layout_direction&quot;:&quot;1&quot;,&quot;jet_parallax_layout_fx_direction&quot;:null,&quot;jet_parallax_layout_z_index&quot;:&quot;&quot;,&quot;jet_parallax_layout_bg_x&quot;:50,&quot;jet_parallax_layout_bg_x_widescreen&quot;:&quot;&quot;,&quot;jet_parallax_layout_bg_x_tablet&quot;:&quot;&quot;,&quot;jet_parallax_layout_bg_x_mobile&quot;:&quot;&quot;,&quot;jet_parallax_layout_bg_y&quot;:50,&quot;jet_parallax_layout_bg_y_widescreen&quot;:&quot;&quot;,&quot;jet_parallax_layout_bg_y_tablet&quot;:&quot;&quot;,&quot;jet_parallax_layout_bg_y_mobile&quot;:&quot;&quot;,&quot;jet_parallax_layout_bg_size&quot;:&quot;auto&quot;,&quot;jet_parallax_layout_bg_size_widescreen&quot;:&quot;&quot;,&quot;jet_parallax_layout_bg_size_tablet&quot;:&quot;&quot;,&quot;jet_parallax_layout_bg_size_mobile&quot;:&quot;&quot;,&quot;jet_parallax_layout_animation_prop&quot;:&quot;transform&quot;,&quot;jet_parallax_layout_on&quot;:[&quot;desktop&quot;,&quot;tablet&quot;]}],&quot;background_background&quot;:&quot;classic&quot;}\">\n\t\t\t\t\t\t<div class=\"elementor-container elementor-column-gap-default\">\n\t\t\t\t\t<div class=\"elementor-column elementor-col-100 elementor-top-column elementor-element elementor-element-2a4b50b\" data-id=\"2a4b50b\" data-element_type=\"column\" data-e-type=\"column\">\n\t\t\t<div class=\"elementor-widget-wrap elementor-element-populated\">\n\t\t\t\t\t\t<div class=\"elementor-element elementor-element-35dee97 elementor-widget elementor-widget-heading\" data-id=\"35dee97\" data-element_type=\"widget\" data-e-type=\"widget\" data-widget_type=\"heading.default\">\n\t\t\t\t<div class=\"elementor-widget-container\">\n\t\t\t\t\t<h2 class=\"elementor-heading-title elementor-size-default\">Blog<\/h2>\t\t\t\t<\/div>\n\t\t\t\t<\/div>\n\t\t\t\t<div class=\"elementor-element elementor-element-f579d71 elementor-grid-2 elementor-posts--thumbnail-left elementor-grid-tablet-2 elementor-grid-mobile-1 elementor-widget elementor-widget-posts\" data-id=\"f579d71\" data-element_type=\"widget\" data-e-type=\"widget\" data-settings=\"{&quot;classic_columns&quot;:&quot;2&quot;,&quot;classic_columns_tablet&quot;:&quot;2&quot;,&quot;classic_columns_mobile&quot;:&quot;1&quot;,&quot;classic_row_gap&quot;:{&quot;unit&quot;:&quot;px&quot;,&quot;size&quot;:35,&quot;sizes&quot;:[]},&quot;classic_row_gap_widescreen&quot;:{&quot;unit&quot;:&quot;px&quot;,&quot;size&quot;:&quot;&quot;,&quot;sizes&quot;:[]},&quot;classic_row_gap_tablet&quot;:{&quot;unit&quot;:&quot;px&quot;,&quot;size&quot;:&quot;&quot;,&quot;sizes&quot;:[]},&quot;classic_row_gap_mobile&quot;:{&quot;unit&quot;:&quot;px&quot;,&quot;size&quot;:&quot;&quot;,&quot;sizes&quot;:[]}}\" data-widget_type=\"posts.classic\">\n\t\t\t\t<div class=\"elementor-widget-container\">\n\t\t\t\t\t\t\t<div class=\"elementor-posts-container elementor-posts elementor-posts--skin-classic elementor-grid\" role=\"list\">\n\t\t\t\t<article class=\"elementor-post elementor-grid-item post-822 post type-post status-publish format-standard has-post-thumbnail hentry category-sin-categoria\" role=\"listitem\">\n\t\t\t\t<a class=\"elementor-post__thumbnail__link\" href=\"https:\/\/grupoempresarialmi.com\/blog\/lo-que-debes-saber-antes-de-invertir\/\" tabindex=\"-1\" >\n\t\t\t<div class=\"elementor-post__thumbnail\"><img fetchpriority=\"high\" decoding=\"async\" width=\"300\" height=\"200\" src=\"https:\/\/grupoempresarialmi.com\/blog\/wp-content\/uploads\/2022\/02\/1.jpg\" class=\"attachment-medium size-medium wp-image-2613\" alt=\"\" \/><\/div>\n\t\t<\/a>\n\t\t\t\t<div class=\"elementor-post__text\">\n\t\t\t\t<h3 class=\"elementor-post__title\">\n\t\t\t<a href=\"https:\/\/grupoempresarialmi.com\/blog\/lo-que-debes-saber-antes-de-invertir\/\" >\n\t\t\t\tLO QUE DEBES SABER ANTES DE INVERTIR\t\t\t<\/a>\n\t\t<\/h3>\n\t\t\t\t<div class=\"elementor-post__meta-data\">\n\t\t\t\t\t<span class=\"elementor-post-date\">\n\t\t\t11 febrero, 2022\t\t<\/span>\n\t\t\t\t<\/div>\n\t\t\t\t<div class=\"elementor-post__excerpt\">\n\t\t\t<p>\u00bfConoces tus derechos y obligaciones en cada negocio que asumes? Para nadie es un secreto que el cierre de una negociaci\u00f3n genera mucha satisfacci\u00f3n a<\/p>\n\t\t<\/div>\n\t\t\t\t<\/div>\n\t\t\t\t<\/article>\n\t\t\t\t<article class=\"elementor-post elementor-grid-item post-756 post type-post status-publish format-standard has-post-thumbnail hentry category-sin-categoria\" role=\"listitem\">\n\t\t\t\t<a class=\"elementor-post__thumbnail__link\" href=\"https:\/\/grupoempresarialmi.com\/blog\/es-tu-momento-de-emprender-e-invertir\/\" tabindex=\"-1\" >\n\t\t\t<div class=\"elementor-post__thumbnail\"><img decoding=\"async\" width=\"300\" height=\"200\" src=\"https:\/\/grupoempresarialmi.com\/blog\/wp-content\/uploads\/2022\/02\/2.jpg\" class=\"attachment-medium size-medium wp-image-2614\" alt=\"\" \/><\/div>\n\t\t<\/a>\n\t\t\t\t<div class=\"elementor-post__text\">\n\t\t\t\t<h3 class=\"elementor-post__title\">\n\t\t\t<a href=\"https:\/\/grupoempresarialmi.com\/blog\/es-tu-momento-de-emprender-e-invertir\/\" >\n\t\t\t\tES TU MOMENTO DE EMPRENDER E INVERTIR\t\t\t<\/a>\n\t\t<\/h3>\n\t\t\t\t<div class=\"elementor-post__meta-data\">\n\t\t\t\t\t<span class=\"elementor-post-date\">\n\t\t\t4 febrero, 2022\t\t<\/span>\n\t\t\t\t<\/div>\n\t\t\t\t<div class=\"elementor-post__excerpt\">\n\t\t\t<p>Sabemos que en muchas ocasiones cuando quieres emprender y adem\u00e1s de ello cuentas con la intenci\u00f3n y el patrimonio para hacerlo, no sabes cu\u00e1l es<\/p>\n\t\t<\/div>\n\t\t\t\t<\/div>\n\t\t\t\t<\/article>\n\t\t\t\t<article class=\"elementor-post elementor-grid-item post-700 post type-post status-publish format-standard has-post-thumbnail hentry category-sin-categoria\" role=\"listitem\">\n\t\t\t\t<a class=\"elementor-post__thumbnail__link\" href=\"https:\/\/grupoempresarialmi.com\/blog\/se-un-empresario-exitoso\/\" tabindex=\"-1\" >\n\t\t\t<div class=\"elementor-post__thumbnail\"><img decoding=\"async\" width=\"300\" height=\"200\" src=\"https:\/\/grupoempresarialmi.com\/blog\/wp-content\/uploads\/2022\/01\/3.jpg\" class=\"attachment-medium size-medium wp-image-2615\" alt=\"\" \/><\/div>\n\t\t<\/a>\n\t\t\t\t<div class=\"elementor-post__text\">\n\t\t\t\t<h3 class=\"elementor-post__title\">\n\t\t\t<a href=\"https:\/\/grupoempresarialmi.com\/blog\/se-un-empresario-exitoso\/\" >\n\t\t\t\tS\u00c9 UN EMPRESARIO EXITOSO\t\t\t<\/a>\n\t\t<\/h3>\n\t\t\t\t<div class=\"elementor-post__meta-data\">\n\t\t\t\t\t<span class=\"elementor-post-date\">\n\t\t\t24 enero, 2022\t\t<\/span>\n\t\t\t\t<\/div>\n\t\t\t\t<div class=\"elementor-post__excerpt\">\n\t\t\t<p>\u00bfHas pensado en cuanto podr\u00edas crecer si te conviertes en un empresario de \u00e9xito? Aqu\u00ed encontrar\u00e1s un poco acerca lo que es una FRANQUICIA, sus<\/p>\n\t\t<\/div>\n\t\t\t\t<\/div>\n\t\t\t\t<\/article>\n\t\t\t\t<article class=\"elementor-post elementor-grid-item post-144 post type-post status-publish format-standard has-post-thumbnail hentry category-sin-categoria\" role=\"listitem\">\n\t\t\t\t<a class=\"elementor-post__thumbnail__link\" href=\"https:\/\/grupoempresarialmi.com\/blog\/avaluos\/\" tabindex=\"-1\" >\n\t\t\t<div class=\"elementor-post__thumbnail\"><img loading=\"lazy\" decoding=\"async\" width=\"300\" height=\"185\" src=\"https:\/\/grupoempresarialmi.com\/blog\/wp-content\/uploads\/2021\/09\/4.jpg\" class=\"attachment-medium size-medium wp-image-2616\" alt=\"\" \/><\/div>\n\t\t<\/a>\n\t\t\t\t<div class=\"elementor-post__text\">\n\t\t\t\t<h3 class=\"elementor-post__title\">\n\t\t\t<a href=\"https:\/\/grupoempresarialmi.com\/blog\/avaluos\/\" >\n\t\t\t\tAval\u00faos\t\t\t<\/a>\n\t\t<\/h3>\n\t\t\t\t<div class=\"elementor-post__meta-data\">\n\t\t\t\t\t<span class=\"elementor-post-date\">\n\t\t\t29 septiembre, 2021\t\t<\/span>\n\t\t\t\t<\/div>\n\t\t\t\t<div class=\"elementor-post__excerpt\">\n\t\t\t<p>Asesor\u00edas Jur\u00eddicas, Aval\u00faos. Nuestro personal autorizado y certificado por la lonja de propiedad ra\u00edz, podr\u00e1 en cualquier momento emitir un concepto despu\u00e9s del estudio de<\/p>\n\t\t<\/div>\n\t\t\t\t<\/div>\n\t\t\t\t<\/article>\n\t\t\t\t<\/div>\n\t\t\n\t\t\t\t\t\t<\/div>\n\t\t\t\t<\/div>\n\t\t\t\t\t<\/div>\n\t\t<\/div>\n\t\t\t\t\t<\/div>\n\t\t<\/section>\n\t\t\t\t<section class=\"elementor-section elementor-top-section elementor-element elementor-element-a5cbe4a elementor-section-boxed elementor-section-height-default elementor-section-height-default\" data-id=\"a5cbe4a\" data-element_type=\"section\" data-e-type=\"section\" data-settings=\"{&quot;jet_parallax_layout_list&quot;:[]}\">\n\t\t\t\t\t\t<div class=\"elementor-container elementor-column-gap-default\">\n\t\t\t\t\t<div class=\"elementor-column elementor-col-100 elementor-top-column elementor-element elementor-element-f4ad9db\" data-id=\"f4ad9db\" data-element_type=\"column\" data-e-type=\"column\">\n\t\t\t<div class=\"elementor-widget-wrap elementor-element-populated\">\n\t\t\t\t\t\t<div class=\"elementor-element elementor-element-c4ed14a elementor-widget elementor-widget-text-editor\" data-id=\"c4ed14a\" data-element_type=\"widget\" data-e-type=\"widget\" data-widget_type=\"text-editor.default\">\n\t\t\t\t<div class=\"elementor-widget-container\">\n\t\t\t\t\t\t\t\t\t<p><span data-sheets-root=\"1\">Sum\u00e9rgete en una atm\u00f3sfera donde la fortuna respira al entrar en <a class=\"in-cell-link\" href=\"https:\/\/gratogana-casino.app\/\" target=\"_blank\" rel=\"noopener\">https:\/\/gratogana-casino.app<\/a>. Los bonos especiales impulsan tu estrategia desde el inicio, mientras el esp\u00edritu cl\u00e1sico aporta elegancia y control y t\u00fa juega con mentalidad de millonario. Hoy puede ser el giro decisivo: contin\u00faa jugando y conquista la victoria.<\/span><\/p>\t\t\t\t\t\t\t\t<\/div>\n\t\t\t\t<\/div>\n\t\t\t\t\t<\/div>\n\t\t<\/div>\n\t\t\t\t\t<\/div>\n\t\t<\/section>\n\t\t\t\t<\/div>\n\t\t","protected":false},"excerpt":{"rendered":"<p>Blog Sum\u00e9rgete en una atm\u00f3sfera donde la fortuna respira al entrar en https:\/\/gratogana-casino.app. Los bonos especiales impulsan tu estrategia desde el inicio, mientras el esp\u00edritu cl\u00e1sico aporta elegancia y control y t\u00fa juega con mentalidad de millonario. Hoy puede ser el giro decisivo: contin\u00faa jugando y conquista la victoria.<\/p>\n","protected":false},"author":1,"featured_media":0,"parent":0,"menu_order":0,"comment_status":"closed","ping_status":"closed","template":"elementor_header_footer","meta":{"footnotes":""},"class_list":["post-7","page","type-page","status-publish","hentry"],"yoast_head":"<!-- This site is optimized with the Yoast SEO plugin v26.6 - https:\/\/yoast.com\/wordpress\/plugins\/seo\/ -->\n<title>Venta y arriendo de inmuebles en Antioquia - Monopolio Inmobiliario Blog<\/title>\n<meta name=\"description\" content=\"Monopolio Inmobiliario, servicios de venta y arriendo de todo tipo de inmuebles en Medell\u00edn y el \u00e1rea metropolitana de Antioquia\" \/>\n<meta name=\"robots\" content=\"index, follow, max-snippet:-1, max-image-preview:large, max-video-preview:-1\" \/>\n<link rel=\"canonical\" href=\"https:\/\/grupoempresarialmi.com\/blog\/\" \/>\n<meta property=\"og:locale\" content=\"es_ES\" \/>\n<meta property=\"og:type\" content=\"article\" \/>\n<meta property=\"og:title\" content=\"Venta y arriendo de inmuebles en Antioquia - Monopolio Inmobiliario Blog\" \/>\n<meta property=\"og:description\" content=\"Monopolio Inmobiliario, servicios de venta y arriendo de todo tipo de inmuebles en Medell\u00edn y el \u00e1rea metropolitana de Antioquia\" \/>\n<meta property=\"og:url\" content=\"https:\/\/grupoempresarialmi.com\/blog\/\" \/>\n<meta property=\"og:site_name\" content=\"Monopolio Inmobiliario Blog\" \/>\n<meta property=\"article:modified_time\" content=\"2026-03-02T21:41:48+00:00\" \/>\n<meta name=\"twitter:card\" content=\"summary_large_image\" \/>\n<meta name=\"twitter:label1\" content=\"Tiempo de lectura\" \/>\n\t<meta name=\"twitter:data1\" content=\"3 minutos\" \/>\n<script type=\"application\/ld+json\" class=\"yoast-schema-graph\">{\"@context\":\"https:\/\/schema.org\",\"@graph\":[{\"@type\":\"WebPage\",\"@id\":\"https:\/\/grupoempresarialmi.com\/blog\/\",\"url\":\"https:\/\/grupoempresarialmi.com\/blog\/\",\"name\":\"Venta y arriendo de inmuebles en Antioquia - Monopolio Inmobiliario Blog\",\"isPartOf\":{\"@id\":\"https:\/\/grupoempresarialmi.com\/blog\/#website\"},\"datePublished\":\"2021-09-29T22:07:42+00:00\",\"dateModified\":\"2026-03-02T21:41:48+00:00\",\"description\":\"Monopolio Inmobiliario, servicios de venta y arriendo de todo tipo de inmuebles en Medell\u00edn y el \u00e1rea metropolitana de Antioquia\",\"breadcrumb\":{\"@id\":\"https:\/\/grupoempresarialmi.com\/blog\/#breadcrumb\"},\"inLanguage\":\"es-CO\",\"potentialAction\":[{\"@type\":\"ReadAction\",\"target\":[\"https:\/\/grupoempresarialmi.com\/blog\/\"]}]},{\"@type\":\"BreadcrumbList\",\"@id\":\"https:\/\/grupoempresarialmi.com\/blog\/#breadcrumb\",\"itemListElement\":[{\"@type\":\"ListItem\",\"position\":1,\"name\":\"Inicio\",\"item\":\"https:\/\/grupoempresarialmi.com\/blog\/\"},{\"@type\":\"ListItem\",\"position\":2,\"name\":\"Venta y arriendo de inmuebles en Antioquia\"}]},{\"@type\":\"WebSite\",\"@id\":\"https:\/\/grupoempresarialmi.com\/blog\/#website\",\"url\":\"https:\/\/grupoempresarialmi.com\/blog\/\",\"name\":\"Monopolio Inmobiliario Blog\",\"description\":\"Otro sitio realizado con WordPress\",\"potentialAction\":[{\"@type\":\"SearchAction\",\"target\":{\"@type\":\"EntryPoint\",\"urlTemplate\":\"https:\/\/grupoempresarialmi.com\/blog\/?s={search_term_string}\"},\"query-input\":{\"@type\":\"PropertyValueSpecification\",\"valueRequired\":true,\"valueName\":\"search_term_string\"}}],\"inLanguage\":\"es-CO\"}]}<\/script>\n<!-- \/ Yoast SEO plugin. -->","yoast_head_json":{"title":"Venta y arriendo de inmuebles en Antioquia - Monopolio Inmobiliario Blog","description":"Monopolio Inmobiliario, servicios de venta y arriendo de todo tipo de inmuebles en Medell\u00edn y el \u00e1rea metropolitana de Antioquia","robots":{"index":"index","follow":"follow","max-snippet":"max-snippet:-1","max-image-preview":"max-image-preview:large","max-video-preview":"max-video-preview:-1"},"canonical":"https:\/\/grupoempresarialmi.com\/blog\/","og_locale":"es_ES","og_type":"article","og_title":"Venta y arriendo de inmuebles en Antioquia - Monopolio Inmobiliario Blog","og_description":"Monopolio Inmobiliario, servicios de venta y arriendo de todo tipo de inmuebles en Medell\u00edn y el \u00e1rea metropolitana de Antioquia","og_url":"https:\/\/grupoempresarialmi.com\/blog\/","og_site_name":"Monopolio Inmobiliario Blog","article_modified_time":"2026-03-02T21:41:48+00:00","twitter_card":"summary_large_image","twitter_misc":{"Tiempo de lectura":"3 minutos"},"schema":{"@context":"https:\/\/schema.org","@graph":[{"@type":"WebPage","@id":"https:\/\/grupoempresarialmi.com\/blog\/","url":"https:\/\/grupoempresarialmi.com\/blog\/","name":"Venta y arriendo de inmuebles en Antioquia - Monopolio Inmobiliario Blog","isPartOf":{"@id":"https:\/\/grupoempresarialmi.com\/blog\/#website"},"datePublished":"2021-09-29T22:07:42+00:00","dateModified":"2026-03-02T21:41:48+00:00","description":"Monopolio Inmobiliario, servicios de venta y arriendo de todo tipo de inmuebles en Medell\u00edn y el \u00e1rea metropolitana de Antioquia","breadcrumb":{"@id":"https:\/\/grupoempresarialmi.com\/blog\/#breadcrumb"},"inLanguage":"es-CO","potentialAction":[{"@type":"ReadAction","target":["https:\/\/grupoempresarialmi.com\/blog\/"]}]},{"@type":"BreadcrumbList","@id":"https:\/\/grupoempresarialmi.com\/blog\/#breadcrumb","itemListElement":[{"@type":"ListItem","position":1,"name":"Inicio","item":"https:\/\/grupoempresarialmi.com\/blog\/"},{"@type":"ListItem","position":2,"name":"Venta y arriendo de inmuebles en Antioquia"}]},{"@type":"WebSite","@id":"https:\/\/grupoempresarialmi.com\/blog\/#website","url":"https:\/\/grupoempresarialmi.com\/blog\/","name":"Monopolio Inmobiliario Blog","description":"Otro sitio realizado con WordPress","potentialAction":[{"@type":"SearchAction","target":{"@type":"EntryPoint","urlTemplate":"https:\/\/grupoempresarialmi.com\/blog\/?s={search_term_string}"},"query-input":{"@type":"PropertyValueSpecification","valueRequired":true,"valueName":"search_term_string"}}],"inLanguage":"es-CO"}]}},"_links":{"self":[{"href":"https:\/\/grupoempresarialmi.com\/blog\/wp-json\/wp\/v2\/pages\/7","targetHints":{"allow":["GET"]}}],"collection":[{"href":"https:\/\/grupoempresarialmi.com\/blog\/wp-json\/wp\/v2\/pages"}],"about":[{"href":"https:\/\/grupoempresarialmi.com\/blog\/wp-json\/wp\/v2\/types\/page"}],"author":[{"embeddable":true,"href":"https:\/\/grupoempresarialmi.com\/blog\/wp-json\/wp\/v2\/users\/1"}],"replies":[{"embeddable":true,"href":"https:\/\/grupoempresarialmi.com\/blog\/wp-json\/wp\/v2\/comments?post=7"}],"version-history":[{"count":155,"href":"https:\/\/grupoempresarialmi.com\/blog\/wp-json\/wp\/v2\/pages\/7\/revisions"}],"predecessor-version":[{"id":3987,"href":"https:\/\/grupoempresarialmi.com\/blog\/wp-json\/wp\/v2\/pages\/7\/revisions\/3987"}],"wp:attachment":[{"href":"https:\/\/grupoempresarialmi.com\/blog\/wp-json\/wp\/v2\/media?parent=7"}],"curies":[{"name":"wp","href":"https:\/\/api.w.org\/{rel}","templated":true}]}}